{"id":14,"date":"2024-08-20T12:49:30","date_gmt":"2024-08-20T12:49:30","guid":{"rendered":"https:\/\/mekskrot.se\/my-account\/"},"modified":"2024-09-05T09:46:38","modified_gmt":"2024-09-05T07:46:38","slug":"my-account","status":"publish","type":"page","link":"https:\/\/mekskrot.se\/en\/my-account\/","title":{"rendered":"Mitt konto"},"content":{"rendered":"<div class=\"woocommerce\"><\/div>","protected":false},"excerpt":{"rendered":"","protected":false},"author":1,"featured_media":0,"parent":0,"menu_order":0,"comment_status":"closed","ping_status":"closed","template":"","meta":{"footnotes":""},"class_list":["post-14","page","type-page","status-publish","hentry"],"yoast_head":"<!-- This site is optimized with the Yoast SEO plugin v26.5 - https:\/\/yoast.com\/wordpress\/plugins\/seo\/ -->\n<title>Mitt konto | Mek och Skrot AB<\/title>\n<meta name=\"robots\" content=\"index, follow, max-snippet:-1, max-image-preview:large, max-video-preview:-1\" \/>\n<link rel=\"canonical\" href=\"https:\/\/mekskrot.se\/en\/my-account\/\" \/>\n<meta property=\"og:locale\" content=\"en_US\" \/>\n<meta property=\"og:type\" content=\"article\" \/>\n<meta property=\"og:title\" content=\"Mitt konto | Mek och Skrot AB\" \/>\n<meta property=\"og:url\" content=\"https:\/\/mekskrot.se\/en\/my-account\/\" \/>\n<meta property=\"og:site_name\" content=\"Mek och Skrot AB\" \/>\n<meta property=\"article:modified_time\" content=\"2024-09-05T07:46:38+00:00\" \/>\n<meta property=\"og:image\" content=\"https:\/\/mekskrot.se\/wp-content\/uploads\/2024\/09\/mek-och-skrot-smide-vannas-sociala-medier.jpg\" \/>\n\t<meta property=\"og:image:width\" content=\"1200\" \/>\n\t<meta property=\"og:image:height\" content=\"675\" \/>\n\t<meta property=\"og:image:type\" content=\"image\/jpeg\" \/>\n<meta name=\"twitter:card\" content=\"summary_large_image\" \/>\n<meta name=\"twitter:label1\" content=\"Est. reading time\" \/>\n\t<meta name=\"twitter:data1\" content=\"1 minute\" \/>\n<script type=\"application\/ld+json\" class=\"yoast-schema-graph\">{\"@context\":\"https:\/\/schema.org\",\"@graph\":[{\"@type\":\"WebPage\",\"@id\":\"https:\/\/mekskrot.se\/my-account\/\",\"url\":\"https:\/\/mekskrot.se\/my-account\/\",\"name\":\"Mitt konto | Mek och Skrot AB\",\"isPartOf\":{\"@id\":\"https:\/\/mekskrot.se\/#website\"},\"datePublished\":\"2024-08-20T12:49:30+00:00\",\"dateModified\":\"2024-09-05T07:46:38+00:00\",\"breadcrumb\":{\"@id\":\"https:\/\/mekskrot.se\/my-account\/#breadcrumb\"},\"inLanguage\":\"en-US\",\"potentialAction\":[{\"@type\":\"ReadAction\",\"target\":[\"https:\/\/mekskrot.se\/my-account\/\"]}]},{\"@type\":\"BreadcrumbList\",\"@id\":\"https:\/\/mekskrot.se\/my-account\/#breadcrumb\",\"itemListElement\":[{\"@type\":\"ListItem\",\"position\":1,\"name\":\"Hem\",\"item\":\"https:\/\/mekskrot.se\/\"},{\"@type\":\"ListItem\",\"position\":2,\"name\":\"Mitt konto\"}]},{\"@type\":\"WebSite\",\"@id\":\"https:\/\/mekskrot.se\/#website\",\"url\":\"https:\/\/mekskrot.se\/\",\"name\":\"Mek och Skrot AB\",\"description\":\"Verkstad, D\u00e4ckservice &amp; Smide i V\u00e4nn\u00e4s\",\"publisher\":{\"@id\":\"https:\/\/mekskrot.se\/#organization\"},\"potentialAction\":[{\"@type\":\"SearchAction\",\"target\":{\"@type\":\"EntryPoint\",\"urlTemplate\":\"https:\/\/mekskrot.se\/?s={search_term_string}\"},\"query-input\":{\"@type\":\"PropertyValueSpecification\",\"valueRequired\":true,\"valueName\":\"search_term_string\"}}],\"inLanguage\":\"en-US\"},{\"@type\":\"Organization\",\"@id\":\"https:\/\/mekskrot.se\/#organization\",\"name\":\"Sandow Mek och Skrot AB\",\"url\":\"https:\/\/mekskrot.se\/\",\"logo\":{\"@type\":\"ImageObject\",\"inLanguage\":\"en-US\",\"@id\":\"https:\/\/mekskrot.se\/#\/schema\/logo\/image\/\",\"url\":\"https:\/\/mekskrot.se\/wp-content\/uploads\/2024\/08\/mek-skrot-logo-square-black-opt.png\",\"contentUrl\":\"https:\/\/mekskrot.se\/wp-content\/uploads\/2024\/08\/mek-skrot-logo-square-black-opt.png\",\"width\":512,\"height\":512,\"caption\":\"Sandow Mek och Skrot AB\"},\"image\":{\"@id\":\"https:\/\/mekskrot.se\/#\/schema\/logo\/image\/\"}}]}<\/script>\n<!-- \/ Yoast SEO plugin. -->","yoast_head_json":{"title":"Mitt konto | Mek och Skrot AB","robots":{"index":"index","follow":"follow","max-snippet":"max-snippet:-1","max-image-preview":"max-image-preview:large","max-video-preview":"max-video-preview:-1"},"canonical":"https:\/\/mekskrot.se\/en\/my-account\/","og_locale":"en_US","og_type":"article","og_title":"Mitt konto | Mek och Skrot AB","og_url":"https:\/\/mekskrot.se\/en\/my-account\/","og_site_name":"Mek och Skrot AB","article_modified_time":"2024-09-05T07:46:38+00:00","og_image":[{"width":1200,"height":675,"url":"https:\/\/mekskrot.se\/wp-content\/uploads\/2024\/09\/mek-och-skrot-smide-vannas-sociala-medier.jpg","type":"image\/jpeg"}],"twitter_card":"summary_large_image","twitter_misc":{"Est. reading time":"1 minute"},"schema":{"@context":"https:\/\/schema.org","@graph":[{"@type":"WebPage","@id":"https:\/\/mekskrot.se\/my-account\/","url":"https:\/\/mekskrot.se\/my-account\/","name":"Mitt konto | Mek och Skrot AB","isPartOf":{"@id":"https:\/\/mekskrot.se\/#website"},"datePublished":"2024-08-20T12:49:30+00:00","dateModified":"2024-09-05T07:46:38+00:00","breadcrumb":{"@id":"https:\/\/mekskrot.se\/my-account\/#breadcrumb"},"inLanguage":"en-US","potentialAction":[{"@type":"ReadAction","target":["https:\/\/mekskrot.se\/my-account\/"]}]},{"@type":"BreadcrumbList","@id":"https:\/\/mekskrot.se\/my-account\/#breadcrumb","itemListElement":[{"@type":"ListItem","position":1,"name":"Hem","item":"https:\/\/mekskrot.se\/"},{"@type":"ListItem","position":2,"name":"Mitt konto"}]},{"@type":"WebSite","@id":"https:\/\/mekskrot.se\/#website","url":"https:\/\/mekskrot.se\/","name":"Mek och Skrot AB","description":"Verkstad, D\u00e4ckservice &amp; Smide i V\u00e4nn\u00e4s","publisher":{"@id":"https:\/\/mekskrot.se\/#organization"},"potentialAction":[{"@type":"SearchAction","target":{"@type":"EntryPoint","urlTemplate":"https:\/\/mekskrot.se\/?s={search_term_string}"},"query-input":{"@type":"PropertyValueSpecification","valueRequired":true,"valueName":"search_term_string"}}],"inLanguage":"en-US"},{"@type":"Organization","@id":"https:\/\/mekskrot.se\/#organization","name":"Sandow Mek och Skrot AB","url":"https:\/\/mekskrot.se\/","logo":{"@type":"ImageObject","inLanguage":"en-US","@id":"https:\/\/mekskrot.se\/#\/schema\/logo\/image\/","url":"https:\/\/mekskrot.se\/wp-content\/uploads\/2024\/08\/mek-skrot-logo-square-black-opt.png","contentUrl":"https:\/\/mekskrot.se\/wp-content\/uploads\/2024\/08\/mek-skrot-logo-square-black-opt.png","width":512,"height":512,"caption":"Sandow Mek och Skrot AB"},"image":{"@id":"https:\/\/mekskrot.se\/#\/schema\/logo\/image\/"}}]}},"_links":{"self":[{"href":"https:\/\/mekskrot.se\/en\/wp-json\/wp\/v2\/pages\/14","targetHints":{"allow":["GET"]}}],"collection":[{"href":"https:\/\/mekskrot.se\/en\/wp-json\/wp\/v2\/pages"}],"about":[{"href":"https:\/\/mekskrot.se\/en\/wp-json\/wp\/v2\/types\/page"}],"author":[{"embeddable":true,"href":"https:\/\/mekskrot.se\/en\/wp-json\/wp\/v2\/users\/1"}],"replies":[{"embeddable":true,"href":"https:\/\/mekskrot.se\/en\/wp-json\/wp\/v2\/comments?post=14"}],"version-history":[{"count":1,"href":"https:\/\/mekskrot.se\/en\/wp-json\/wp\/v2\/pages\/14\/revisions"}],"predecessor-version":[{"id":1059,"href":"https:\/\/mekskrot.se\/en\/wp-json\/wp\/v2\/pages\/14\/revisions\/1059"}],"wp:attachment":[{"href":"https:\/\/mekskrot.se\/en\/wp-json\/wp\/v2\/media?parent=14"}],"curies":[{"name":"wp","href":"https:\/\/api.w.org\/{rel}","templated":true}]}}