{"id":18,"date":"2024-05-24T02:17:10","date_gmt":"2024-05-24T02:17:10","guid":{"rendered":"https:\/\/gaviaspreview.com\/wp\/consilox\/?page_id=18"},"modified":"2026-03-30T09:57:18","modified_gmt":"2026-03-30T07:57:18","slug":"kontakt","status":"publish","type":"page","link":"https:\/\/mekskrot.se\/en\/kontakt\/","title":{"rendered":"Kontakt"},"content":{"rendered":"<div data-elementor-type=\"wp-page\" data-elementor-id=\"18\" class=\"elementor elementor-18\">\n\t\t\t\t<div class=\"elementor-element elementor-element-0c80266 e-con-full e-flex e-con e-parent\" data-id=\"0c80266\" data-element_type=\"container\" data-settings=\"{&quot;background_background&quot;:&quot;slideshow&quot;,&quot;background_slideshow_gallery&quot;:[{&quot;id&quot;:804,&quot;url&quot;:&quot;https:\\\/\\\/mekskrot.se\\\/wp-content\\\/uploads\\\/2024\\\/09\\\/bc-mek-skrot-dackforsaljning-bilverkstad.jpg&quot;},{&quot;id&quot;:805,&quot;url&quot;:&quot;https:\\\/\\\/mekskrot.se\\\/wp-content\\\/uploads\\\/2024\\\/09\\\/bc-folkrace-dackforsaljning.jpg&quot;}],&quot;background_slideshow_ken_burns&quot;:&quot;yes&quot;,&quot;background_slideshow_ken_burns_zoom_direction&quot;:&quot;out&quot;,&quot;background_slideshow_loop&quot;:&quot;yes&quot;,&quot;background_slideshow_slide_duration&quot;:5000,&quot;background_slideshow_slide_transition&quot;:&quot;fade&quot;,&quot;background_slideshow_transition_duration&quot;:500}\">\n\t\t<div class=\"elementor-element elementor-element-9a51e22 e-con-full e-flex e-con e-child\" data-id=\"9a51e22\" data-element_type=\"container\">\n\t\t\t\t<div class=\"elementor-element elementor-element-708a27c elementor-widget elementor-widget-gva-heading-block\" data-id=\"708a27c\" data-element_type=\"widget\" data-widget_type=\"gva-heading-block.default\">\n\t\t\t\t<div class=\"elementor-widget-container\">\n\t\t\t\t\t<div class=\"gva-element-gva-heading-block gva-element\">   <div class=\"align-center style-1 widget gsc-heading box-align-left auto-responsive\">\r\n      <div class=\"content-inner\">\r\n         \r\n                  \r\n           \r\n         \r\n                     <h2 class=\"title\">\r\n               <span>Kontakta oss<\/span>\r\n            <\/h2>\r\n                  \r\n                     <div class=\"title-desc\">Intresserad av v\u00e5ra tj\u00e4nster? H\u00f6r av dig s\u00e5 ber\u00e4ttar vi mer!<\/div>\r\n         \r\n         \r\n      <\/div>\r\n   <\/div>\r\n<\/div>\t\t\t\t<\/div>\n\t\t\t\t<\/div>\n\t\t\t\t<\/div>\n\t\t\t\t<\/div>\n\t\t<div class=\"elementor-element elementor-element-393cdecf e-flex e-con-boxed e-con e-parent\" data-id=\"393cdecf\" data-element_type=\"container\" data-settings=\"{&quot;background_background&quot;:&quot;classic&quot;}\">\n\t\t\t\t\t<div class=\"e-con-inner\">\n\t\t<div class=\"elementor-element elementor-element-26b0df65 e-con-full e-flex e-con e-child\" data-id=\"26b0df65\" data-element_type=\"container\">\n\t\t\t\t<div class=\"elementor-element elementor-element-6739ec3c elementor-widget elementor-widget-shortcode\" data-id=\"6739ec3c\" data-element_type=\"widget\" data-widget_type=\"shortcode.default\">\n\t\t\t\t<div class=\"elementor-widget-container\">\n\t\t\t\t\t\t\t<div class=\"elementor-shortcode\">\n<div class=\"wpcf7 no-js\" id=\"wpcf7-f48-o1\" lang=\"en-US\" dir=\"ltr\" data-wpcf7-id=\"48\">\n<div class=\"screen-reader-response\"><p role=\"status\" aria-live=\"polite\" aria-atomic=\"true\"><\/p> <ul><\/ul><\/div>\n<form action=\"\/en\/wp-json\/wp\/v2\/pages\/18#wpcf7-f48-o1\" method=\"post\" class=\"wpcf7-form init\" aria-label=\"Contact form\" novalidate=\"novalidate\" data-status=\"init\" data-trp-original-action=\"\/en\/wp-json\/wp\/v2\/pages\/18#wpcf7-f48-o1\">\n<fieldset class=\"hidden-fields-container\"><input type=\"hidden\" name=\"_wpcf7\" value=\"48\" \/><input type=\"hidden\" name=\"_wpcf7_version\" value=\"6.1.4\" \/><input type=\"hidden\" name=\"_wpcf7_locale\" value=\"en_US\" \/><input type=\"hidden\" name=\"_wpcf7_unit_tag\" value=\"wpcf7-f48-o1\" \/><input type=\"hidden\" name=\"_wpcf7_container_post\" value=\"0\" \/><input type=\"hidden\" name=\"_wpcf7_posted_data_hash\" value=\"\" \/><input type=\"hidden\" name=\"_wpcf7_recaptcha_response\" value=\"\" \/>\n<\/fieldset>\n<div class=\"row\">\n   <div class=\"col-sm-6 col-xs-12\">\n     <span class=\"wpcf7-form-control-wrap\" data-name=\"your-name\"><input size=\"40\" maxlength=\"400\" class=\"wpcf7-form-control wpcf7-text wpcf7-validates-as-required\" aria-required=\"true\" aria-invalid=\"false\" placeholder=\"Ditt namn\" value=\"\" type=\"text\" name=\"your-name\" \/><\/span>\n   <\/div>\n   <div class=\"col-sm-6 col-xs-12\">\n     <span class=\"wpcf7-form-control-wrap\" data-name=\"your-email\"><input size=\"40\" maxlength=\"400\" class=\"wpcf7-form-control wpcf7-email wpcf7-validates-as-required wpcf7-text wpcf7-validates-as-email\" aria-required=\"true\" aria-invalid=\"false\" placeholder=\"E-postadress\" value=\"\" type=\"email\" name=\"your-email\" \/><\/span>\n   <\/div>\n<\/div>\n<div class=\"row\">\n   <div class=\"col-sm-6 col-xs-12\">\n      <span class=\"wpcf7-form-control-wrap\" data-name=\"your-phone\"><input size=\"40\" maxlength=\"400\" class=\"wpcf7-form-control wpcf7-text wpcf7-validates-as-required\" aria-required=\"true\" aria-invalid=\"false\" placeholder=\"Telefonnummer\" value=\"\" type=\"text\" name=\"your-phone\" \/><\/span>\n   <\/div>\n   <div class=\"col-sm-6 col-xs-12\">\n      <span class=\"wpcf7-form-control-wrap\" data-name=\"your-subject\"><input size=\"40\" maxlength=\"400\" class=\"wpcf7-form-control wpcf7-text\" aria-invalid=\"false\" placeholder=\"\u00c4mne\" value=\"\" type=\"text\" name=\"your-subject\" \/><\/span>\n   <\/div>\n<\/div>\n<div class=\"row\">\n   <div class=\"col-sm-12 col-xs-12\">\n      <span class=\"wpcf7-form-control-wrap\" data-name=\"your-message\"><textarea cols=\"40\" rows=\"10\" maxlength=\"2000\" class=\"wpcf7-form-control wpcf7-textarea\" aria-invalid=\"false\" placeholder=\"Skriv ett meddelande\" name=\"your-message\"><\/textarea><\/span>\n   <\/div>\n   <div class=\"col-sm-12 col-xs-12 action text-left\"><span class=\"form-action\"><input class=\"wpcf7-form-control wpcf7-submit has-spinner\" type=\"submit\" value=\"Skicka meddelande\" \/><\/span><\/div>\n<\/div>\n<span class=\"recaptcha-txt\">Detta formul\u00e4r \u00e4r skyddat av reCAPTCHA och Googles <a href=\"https:\/\/policies.google.com\/privacy\" target=\"_blank\">integritetspolicy<\/a> och <a href=\"https:\/\/policies.google.com\/terms\" target=\"_blank\">anv\u00e4ndarvillkor<\/a> g\u00e4ller.<\/span><div class=\"wpcf7-response-output\" aria-hidden=\"true\"><\/div>\n<input type=\"hidden\" name=\"trp-form-language\" value=\"en\"\/><\/form>\n<\/div>\n<\/div>\n\t\t\t\t\t\t<\/div>\n\t\t\t\t<\/div>\n\t\t\t\t<\/div>\n\t\t<div class=\"elementor-element elementor-element-4cb0d8fa e-con-full e-flex e-con e-child\" data-id=\"4cb0d8fa\" data-element_type=\"container\">\n\t\t\t\t<div class=\"elementor-element elementor-element-5ef64cb elementor-widget elementor-widget-gva-heading-block\" data-id=\"5ef64cb\" data-element_type=\"widget\" data-widget_type=\"gva-heading-block.default\">\n\t\t\t\t<div class=\"elementor-widget-container\">\n\t\t\t\t\t<div class=\"gva-element-gva-heading-block gva-element\">   <div class=\"align-left style-1 widget gsc-heading box-align-left auto-responsive\">\r\n      <div class=\"content-inner\">\r\n         \r\n                  \r\n           \r\n         \r\n                     <h2 class=\"title\">\r\n               <span>H\u00f6r av dig!<\/span>\r\n            <\/h2>\r\n                  \r\n         \r\n         \r\n      <\/div>\r\n   <\/div>\r\n<\/div>\t\t\t\t<\/div>\n\t\t\t\t<\/div>\n\t\t\t\t<div class=\"elementor-element elementor-element-3339ee78 elementor-view-stacked elementor-position-left icon-box-left elementor-mobile-position-left elementor-shape-circle elementor-widget elementor-widget-icon-box\" data-id=\"3339ee78\" data-element_type=\"widget\" data-widget_type=\"icon-box.default\">\n\t\t\t\t<div class=\"elementor-widget-container\">\n\t\t\t\t\t\t\t<div class=\"elementor-icon-box-wrapper\">\n\n\t\t\t\t\t\t<div class=\"elementor-icon-box-icon\">\n\t\t\t\t<a href=\"tel:0703361076\" class=\"elementor-icon\" tabindex=\"-1\" aria-label=\"Ring nu\">\n\t\t\t\t<i aria-hidden=\"true\" class=\"fas fa-phone-alt\"><\/i>\t\t\t\t<\/a>\n\t\t\t<\/div>\n\t\t\t\n\t\t\t\t\t\t<div class=\"elementor-icon-box-content\">\n\n\t\t\t\t\t\t\t\t\t<h3 class=\"elementor-icon-box-title\">\n\t\t\t\t\t\t<a href=\"tel:0703361076\" >\n\t\t\t\t\t\t\tRing nu\t\t\t\t\t\t<\/a>\n\t\t\t\t\t<\/h3>\n\t\t\t\t\n\t\t\t\t\t\t\t\t\t<p class=\"elementor-icon-box-description\">\n\t\t\t\t\t\t<a href=\"tel:0703361076\">070-336 10 76<\/a>\t\t\t\t\t<\/p>\n\t\t\t\t\n\t\t\t<\/div>\n\t\t\t\n\t\t<\/div>\n\t\t\t\t\t\t<\/div>\n\t\t\t\t<\/div>\n\t\t\t\t<div class=\"elementor-element elementor-element-e88a053 elementor-view-stacked elementor-position-left icon-box-left elementor-mobile-position-left elementor-shape-circle elementor-widget elementor-widget-icon-box\" data-id=\"e88a053\" data-element_type=\"widget\" data-widget_type=\"icon-box.default\">\n\t\t\t\t<div class=\"elementor-widget-container\">\n\t\t\t\t\t\t\t<div class=\"elementor-icon-box-wrapper\">\n\n\t\t\t\t\t\t<div class=\"elementor-icon-box-icon\">\n\t\t\t\t<a href=\"tel:0703361076\" class=\"elementor-icon\" tabindex=\"-1\" aria-label=\"Boka online\">\n\t\t\t\t<i aria-hidden=\"true\" class=\"far fa-calendar-alt\"><\/i>\t\t\t\t<\/a>\n\t\t\t<\/div>\n\t\t\t\n\t\t\t\t\t\t<div class=\"elementor-icon-box-content\">\n\n\t\t\t\t\t\t\t\t\t<h3 class=\"elementor-icon-box-title\">\n\t\t\t\t\t\t<a href=\"tel:0703361076\" >\n\t\t\t\t\t\t\tBoka online\t\t\t\t\t\t<\/a>\n\t\t\t\t\t<\/h3>\n\t\t\t\t\n\t\t\t\t\t\t\t\t\t<p class=\"elementor-icon-box-description\">\n\t\t\t\t\t\t<a href=\"https:\/\/anolla.com\/book\/mekskrot\" target=\"_blank\">G\u00e5 till bokningssida<\/a>\t\t\t\t\t<\/p>\n\t\t\t\t\n\t\t\t<\/div>\n\t\t\t\n\t\t<\/div>\n\t\t\t\t\t\t<\/div>\n\t\t\t\t<\/div>\n\t\t\t\t<div class=\"elementor-element elementor-element-63da46bd elementor-view-stacked elementor-position-left icon-box-left elementor-mobile-position-left elementor-shape-circle elementor-widget elementor-widget-icon-box\" data-id=\"63da46bd\" data-element_type=\"widget\" data-widget_type=\"icon-box.default\">\n\t\t\t\t<div class=\"elementor-widget-container\">\n\t\t\t\t\t\t\t<div class=\"elementor-icon-box-wrapper\">\n\n\t\t\t\t\t\t<div class=\"elementor-icon-box-icon\">\n\t\t\t\t<a href=\"mailto:info@mekskrot.se\" class=\"elementor-icon\" tabindex=\"-1\" aria-label=\"E-post\">\n\t\t\t\t<i aria-hidden=\"true\" class=\"far fa-envelope\"><\/i>\t\t\t\t<\/a>\n\t\t\t<\/div>\n\t\t\t\n\t\t\t\t\t\t<div class=\"elementor-icon-box-content\">\n\n\t\t\t\t\t\t\t\t\t<h3 class=\"elementor-icon-box-title\">\n\t\t\t\t\t\t<a href=\"mailto:info@mekskrot.se\" >\n\t\t\t\t\t\t\tE-post\t\t\t\t\t\t<\/a>\n\t\t\t\t\t<\/h3>\n\t\t\t\t\n\t\t\t\t\t\t\t\t\t<p class=\"elementor-icon-box-description\">\n\t\t\t\t\t\t<a href=\"mailto:info@mekskrot.se\">info@mekskrot.se<\/a>\t\t\t\t\t<\/p>\n\t\t\t\t\n\t\t\t<\/div>\n\t\t\t\n\t\t<\/div>\n\t\t\t\t\t\t<\/div>\n\t\t\t\t<\/div>\n\t\t\t\t<div class=\"elementor-element elementor-element-234a978a elementor-view-stacked elementor-position-left icon-box-left elementor-mobile-position-left elementor-shape-circle elementor-widget elementor-widget-icon-box\" data-id=\"234a978a\" data-element_type=\"widget\" data-widget_type=\"icon-box.default\">\n\t\t\t\t<div class=\"elementor-widget-container\">\n\t\t\t\t\t\t\t<div class=\"elementor-icon-box-wrapper\">\n\n\t\t\t\t\t\t<div class=\"elementor-icon-box-icon\">\n\t\t\t\t<a href=\"https:\/\/maps.app.goo.gl\/RZWYrgzMfpkGMkcX7\" target=\"_blank\" class=\"elementor-icon\" tabindex=\"-1\" aria-label=\"address\">\n\t\t\t\t<i aria-hidden=\"true\" class=\"fas fa-paper-plane\"><\/i>\t\t\t\t<\/a>\n\t\t\t<\/div>\n\t\t\t\n\t\t\t\t\t\t<div class=\"elementor-icon-box-content\">\n\n\t\t\t\t\t\t\t\t\t<h3 class=\"elementor-icon-box-title\">\n\t\t\t\t\t\t<a href=\"https:\/\/maps.app.goo.gl\/RZWYrgzMfpkGMkcX7\" target=\"_blank\" >\n\t\t\t\t\t\t\taddress\t\t\t\t\t\t<\/a>\n\t\t\t\t\t<\/h3>\n\t\t\t\t\n\t\t\t\t\t\t\t\t\t<p class=\"elementor-icon-box-description\">\n\t\t\t\t\t\tV\u00e4stra Sp\u00f6land 17, 911 92 V\u00e4nn\u00e4s\t\t\t\t\t<\/p>\n\t\t\t\t\n\t\t\t<\/div>\n\t\t\t\n\t\t<\/div>\n\t\t\t\t\t\t<\/div>\n\t\t\t\t<\/div>\n\t\t\t\t<div class=\"elementor-element elementor-element-37932582 elementor-position-left elementor-vertical-align-middle elementor-position-top elementor-widget elementor-widget-image-box\" data-id=\"37932582\" data-element_type=\"widget\" data-widget_type=\"image-box.default\">\n\t\t\t\t<div class=\"elementor-widget-container\">\n\t\t\t\t\t<div class=\"elementor-image-box-wrapper\"><figure class=\"elementor-image-box-img\"><img decoding=\"async\" width=\"138\" height=\"45\" src=\"https:\/\/mekskrot.se\/wp-content\/uploads\/2024\/05\/image-25.png\" class=\"attachment-full size-full wp-image-235\" alt=\"\" \/><\/figure><div class=\"elementor-image-box-content\"><h3 class=\"elementor-image-box-title\">Bli v\u00e5r n\u00e4sta kund!<\/h3><\/div><\/div>\t\t\t\t<\/div>\n\t\t\t\t<\/div>\n\t\t\t\t<\/div>\n\t\t\t\t\t<\/div>\n\t\t\t\t<\/div>\n\t\t<div class=\"elementor-element elementor-element-70448f21 e-con-full e-flex e-con e-parent\" data-id=\"70448f21\" data-element_type=\"container\">\n\t\t<div class=\"elementor-element elementor-element-4211fd25 e-con-full e-flex e-con e-child\" data-id=\"4211fd25\" data-element_type=\"container\">\n\t\t\t\t<div class=\"elementor-element elementor-element-426acbc6 elementor-widget elementor-widget-google_maps\" data-id=\"426acbc6\" data-element_type=\"widget\" data-widget_type=\"google_maps.default\">\n\t\t\t\t<div class=\"elementor-widget-container\">\n\t\t\t\t\t\t\t<div class=\"elementor-custom-embed\">\n\t\t\t<iframe loading=\"lazy\"\n\t\t\t\t\tsrc=\"https:\/\/maps.google.com\/maps?q=V%C3%A4stra%20Sp%C3%B6land%2017%2C%20911%2092%20V%C3%A4nn%C3%A4s&#038;t=m&#038;z=9&#038;output=embed&#038;iwloc=near\"\n\t\t\t\t\ttitle=\"V\u00e4stra Sp\u00f6land 17, 911 92 V\u00e4nn\u00e4s\"\n\t\t\t\t\taria-label=\"V\u00e4stra Sp\u00f6land 17, 911 92 V\u00e4nn\u00e4s\"\n\t\t\t><\/iframe>\n\t\t<\/div>\n\t\t\t\t\t\t<\/div>\n\t\t\t\t<\/div>\n\t\t\t\t<\/div>\n\t\t\t\t<\/div>\n\t\t\t\t<\/div>","protected":false},"excerpt":{"rendered":"<p>Kontakta oss Intresserad av v\u00e5ra tj\u00e4nster? H\u00f6r av dig s\u00e5 ber\u00e4ttar vi mer! H\u00f6r av dig! Ring nu 070-336 10 76 Boka online G\u00e5 till bokningssida E-post info@mekskrot.se address V\u00e4stra Sp\u00f6land 17, 911 92 V\u00e4nn\u00e4s Bli v\u00e5r n\u00e4sta kund!<\/p>","protected":false},"author":1,"featured_media":0,"parent":0,"menu_order":0,"comment_status":"closed","ping_status":"closed","template":"","meta":{"footnotes":""},"class_list":["post-18","page","type-page","status-publish","hentry"],"yoast_head":"<!-- This site is optimized with the Yoast SEO plugin v26.5 - https:\/\/yoast.com\/wordpress\/plugins\/seo\/ -->\n<title>Kontakt | Mek och Skrot AB<\/title>\n<meta name=\"robots\" content=\"index, follow, max-snippet:-1, max-image-preview:large, max-video-preview:-1\" \/>\n<link rel=\"canonical\" href=\"https:\/\/mekskrot.se\/en\/kontakt\/\" \/>\n<meta property=\"og:locale\" content=\"en_US\" \/>\n<meta property=\"og:type\" content=\"article\" \/>\n<meta property=\"og:title\" content=\"Kontakt | Mek och Skrot AB\" \/>\n<meta property=\"og:description\" content=\"Kontakta oss Intresserad av v\u00e5ra tj\u00e4nster? H\u00f6r av dig s\u00e5 ber\u00e4ttar vi mer! H\u00f6r av dig! Ring nu 070-336 10 76 Boka online G\u00e5 till bokningssida E-post info@mekskrot.se address V\u00e4stra Sp\u00f6land 17, 911 92 V\u00e4nn\u00e4s Bli v\u00e5r n\u00e4sta kund!\" \/>\n<meta property=\"og:url\" content=\"https:\/\/mekskrot.se\/en\/kontakt\/\" \/>\n<meta property=\"og:site_name\" content=\"Mek och Skrot AB\" \/>\n<meta property=\"article:modified_time\" content=\"2026-03-30T07:57:18+00:00\" \/>\n<meta property=\"og:image\" content=\"https:\/\/mekskrot.se\/wp-content\/uploads\/2024\/05\/image-25.png\" \/>\n\t<meta property=\"og:image:width\" content=\"138\" \/>\n\t<meta property=\"og:image:height\" content=\"45\" \/>\n\t<meta property=\"og:image:type\" content=\"image\/png\" \/>\n<meta name=\"twitter:card\" content=\"summary_large_image\" \/>\n<meta name=\"twitter:label1\" content=\"Est. reading time\" \/>\n\t<meta name=\"twitter:data1\" content=\"1 minute\" \/>\n<script type=\"application\/ld+json\" class=\"yoast-schema-graph\">{\"@context\":\"https:\/\/schema.org\",\"@graph\":[{\"@type\":\"WebPage\",\"@id\":\"https:\/\/mekskrot.se\/kontakt\/\",\"url\":\"https:\/\/mekskrot.se\/kontakt\/\",\"name\":\"Kontakt | Mek och Skrot AB\",\"isPartOf\":{\"@id\":\"https:\/\/mekskrot.se\/#website\"},\"primaryImageOfPage\":{\"@id\":\"https:\/\/mekskrot.se\/kontakt\/#primaryimage\"},\"image\":{\"@id\":\"https:\/\/mekskrot.se\/kontakt\/#primaryimage\"},\"thumbnailUrl\":\"https:\/\/mekskrot.se\/wp-content\/uploads\/2024\/05\/image-25.png\",\"datePublished\":\"2024-05-24T02:17:10+00:00\",\"dateModified\":\"2026-03-30T07:57:18+00:00\",\"breadcrumb\":{\"@id\":\"https:\/\/mekskrot.se\/kontakt\/#breadcrumb\"},\"inLanguage\":\"en-US\",\"potentialAction\":[{\"@type\":\"ReadAction\",\"target\":[\"https:\/\/mekskrot.se\/kontakt\/\"]}]},{\"@type\":\"ImageObject\",\"inLanguage\":\"en-US\",\"@id\":\"https:\/\/mekskrot.se\/kontakt\/#primaryimage\",\"url\":\"https:\/\/mekskrot.se\/wp-content\/uploads\/2024\/05\/image-25.png\",\"contentUrl\":\"https:\/\/mekskrot.se\/wp-content\/uploads\/2024\/05\/image-25.png\"},{\"@type\":\"BreadcrumbList\",\"@id\":\"https:\/\/mekskrot.se\/kontakt\/#breadcrumb\",\"itemListElement\":[{\"@type\":\"ListItem\",\"position\":1,\"name\":\"Hem\",\"item\":\"https:\/\/mekskrot.se\/\"},{\"@type\":\"ListItem\",\"position\":2,\"name\":\"Kontakt\"}]},{\"@type\":\"WebSite\",\"@id\":\"https:\/\/mekskrot.se\/#website\",\"url\":\"https:\/\/mekskrot.se\/\",\"name\":\"Mek och Skrot AB\",\"description\":\"Verkstad, D\u00e4ckservice &amp; Smide i V\u00e4nn\u00e4s\",\"publisher\":{\"@id\":\"https:\/\/mekskrot.se\/#organization\"},\"potentialAction\":[{\"@type\":\"SearchAction\",\"target\":{\"@type\":\"EntryPoint\",\"urlTemplate\":\"https:\/\/mekskrot.se\/?s={search_term_string}\"},\"query-input\":{\"@type\":\"PropertyValueSpecification\",\"valueRequired\":true,\"valueName\":\"search_term_string\"}}],\"inLanguage\":\"en-US\"},{\"@type\":\"Organization\",\"@id\":\"https:\/\/mekskrot.se\/#organization\",\"name\":\"Sandow Mek och Skrot AB\",\"url\":\"https:\/\/mekskrot.se\/\",\"logo\":{\"@type\":\"ImageObject\",\"inLanguage\":\"en-US\",\"@id\":\"https:\/\/mekskrot.se\/#\/schema\/logo\/image\/\",\"url\":\"https:\/\/mekskrot.se\/wp-content\/uploads\/2024\/08\/mek-skrot-logo-square-black-opt.png\",\"contentUrl\":\"https:\/\/mekskrot.se\/wp-content\/uploads\/2024\/08\/mek-skrot-logo-square-black-opt.png\",\"width\":512,\"height\":512,\"caption\":\"Sandow Mek och Skrot AB\"},\"image\":{\"@id\":\"https:\/\/mekskrot.se\/#\/schema\/logo\/image\/\"}}]}<\/script>\n<!-- \/ Yoast SEO plugin. -->","yoast_head_json":{"title":"Kontakt | Mek och Skrot AB","robots":{"index":"index","follow":"follow","max-snippet":"max-snippet:-1","max-image-preview":"max-image-preview:large","max-video-preview":"max-video-preview:-1"},"canonical":"https:\/\/mekskrot.se\/en\/kontakt\/","og_locale":"en_US","og_type":"article","og_title":"Kontakt | Mek och Skrot AB","og_description":"Kontakta oss Intresserad av v\u00e5ra tj\u00e4nster? H\u00f6r av dig s\u00e5 ber\u00e4ttar vi mer! H\u00f6r av dig! Ring nu 070-336 10 76 Boka online G\u00e5 till bokningssida E-post info@mekskrot.se address V\u00e4stra Sp\u00f6land 17, 911 92 V\u00e4nn\u00e4s Bli v\u00e5r n\u00e4sta kund!","og_url":"https:\/\/mekskrot.se\/en\/kontakt\/","og_site_name":"Mek och Skrot AB","article_modified_time":"2026-03-30T07:57:18+00:00","og_image":[{"width":138,"height":45,"url":"https:\/\/mekskrot.se\/wp-content\/uploads\/2024\/05\/image-25.png","type":"image\/png"}],"twitter_card":"summary_large_image","twitter_misc":{"Est. reading time":"1 minute"},"schema":{"@context":"https:\/\/schema.org","@graph":[{"@type":"WebPage","@id":"https:\/\/mekskrot.se\/kontakt\/","url":"https:\/\/mekskrot.se\/kontakt\/","name":"Kontakt | Mek och Skrot AB","isPartOf":{"@id":"https:\/\/mekskrot.se\/#website"},"primaryImageOfPage":{"@id":"https:\/\/mekskrot.se\/kontakt\/#primaryimage"},"image":{"@id":"https:\/\/mekskrot.se\/kontakt\/#primaryimage"},"thumbnailUrl":"https:\/\/mekskrot.se\/wp-content\/uploads\/2024\/05\/image-25.png","datePublished":"2024-05-24T02:17:10+00:00","dateModified":"2026-03-30T07:57:18+00:00","breadcrumb":{"@id":"https:\/\/mekskrot.se\/kontakt\/#breadcrumb"},"inLanguage":"en-US","potentialAction":[{"@type":"ReadAction","target":["https:\/\/mekskrot.se\/kontakt\/"]}]},{"@type":"ImageObject","inLanguage":"en-US","@id":"https:\/\/mekskrot.se\/kontakt\/#primaryimage","url":"https:\/\/mekskrot.se\/wp-content\/uploads\/2024\/05\/image-25.png","contentUrl":"https:\/\/mekskrot.se\/wp-content\/uploads\/2024\/05\/image-25.png"},{"@type":"BreadcrumbList","@id":"https:\/\/mekskrot.se\/kontakt\/#breadcrumb","itemListElement":[{"@type":"ListItem","position":1,"name":"Hem","item":"https:\/\/mekskrot.se\/"},{"@type":"ListItem","position":2,"name":"Kontakt"}]},{"@type":"WebSite","@id":"https:\/\/mekskrot.se\/#website","url":"https:\/\/mekskrot.se\/","name":"Mek och Skrot AB","description":"Verkstad, D\u00e4ckservice &amp; Smide i V\u00e4nn\u00e4s","publisher":{"@id":"https:\/\/mekskrot.se\/#organization"},"potentialAction":[{"@type":"SearchAction","target":{"@type":"EntryPoint","urlTemplate":"https:\/\/mekskrot.se\/?s={search_term_string}"},"query-input":{"@type":"PropertyValueSpecification","valueRequired":true,"valueName":"search_term_string"}}],"inLanguage":"en-US"},{"@type":"Organization","@id":"https:\/\/mekskrot.se\/#organization","name":"Sandow Mek och Skrot AB","url":"https:\/\/mekskrot.se\/","logo":{"@type":"ImageObject","inLanguage":"en-US","@id":"https:\/\/mekskrot.se\/#\/schema\/logo\/image\/","url":"https:\/\/mekskrot.se\/wp-content\/uploads\/2024\/08\/mek-skrot-logo-square-black-opt.png","contentUrl":"https:\/\/mekskrot.se\/wp-content\/uploads\/2024\/08\/mek-skrot-logo-square-black-opt.png","width":512,"height":512,"caption":"Sandow Mek och Skrot AB"},"image":{"@id":"https:\/\/mekskrot.se\/#\/schema\/logo\/image\/"}}]}},"_links":{"self":[{"href":"https:\/\/mekskrot.se\/en\/wp-json\/wp\/v2\/pages\/18","targetHints":{"allow":["GET"]}}],"collection":[{"href":"https:\/\/mekskrot.se\/en\/wp-json\/wp\/v2\/pages"}],"about":[{"href":"https:\/\/mekskrot.se\/en\/wp-json\/wp\/v2\/types\/page"}],"author":[{"embeddable":true,"href":"https:\/\/mekskrot.se\/en\/wp-json\/wp\/v2\/users\/1"}],"replies":[{"embeddable":true,"href":"https:\/\/mekskrot.se\/en\/wp-json\/wp\/v2\/comments?post=18"}],"version-history":[{"count":35,"href":"https:\/\/mekskrot.se\/en\/wp-json\/wp\/v2\/pages\/18\/revisions"}],"predecessor-version":[{"id":1437,"href":"https:\/\/mekskrot.se\/en\/wp-json\/wp\/v2\/pages\/18\/revisions\/1437"}],"wp:attachment":[{"href":"https:\/\/mekskrot.se\/en\/wp-json\/wp\/v2\/media?parent=18"}],"curies":[{"name":"wp","href":"https:\/\/api.w.org\/{rel}","templated":true}]}}